{"id":1419,"date":"2024-03-26T17:06:45","date_gmt":"2024-03-26T17:06:45","guid":{"rendered":"https:\/\/eurotrans.in.ua\/?page_id=1419"},"modified":"2024-04-04T07:41:26","modified_gmt":"2024-04-04T07:41:26","slug":"transport","status":"publish","type":"page","link":"https:\/\/eurotrans.in.ua\/index.php\/pl\/transport\/","title":{"rendered":"Transport_pl"},"content":{"rendered":"\t\t<div data-elementor-type=\"wp-post\" data-elementor-id=\"1419\" class=\"elementor elementor-1419\">\n\t\t\t\t<div class=\"elementor-element elementor-element-4d7092a e-flex e-con-boxed e-con e-parent\" data-id=\"4d7092a\" data-element_type=\"container\" data-settings=\"{&quot;background_background&quot;:&quot;classic&quot;}\" data-core-v316-plus=\"true\">\n\t\t\t\t\t<div class=\"e-con-inner\">\n\t\t\t\t<div class=\"elementor-element elementor-element-dd5354f elementor-widget elementor-widget-heading\" data-id=\"dd5354f\" data-element_type=\"widget\" data-widget_type=\"heading.default\">\n\t\t\t\t<div class=\"elementor-widget-container\">\n\t\t\t<style>\/*! elementor - v3.20.0 - 26-03-2024 *\/\n.elementor-heading-title{padding:0;margin:0;line-height:1}.elementor-widget-heading .elementor-heading-title[class*=elementor-size-]>a{color:inherit;font-size:inherit;line-height:inherit}.elementor-widget-heading .elementor-heading-title.elementor-size-small{font-size:15px}.elementor-widget-heading .elementor-heading-title.elementor-size-medium{font-size:19px}.elementor-widget-heading .elementor-heading-title.elementor-size-large{font-size:29px}.elementor-widget-heading .elementor-heading-title.elementor-size-xl{font-size:39px}.elementor-widget-heading .elementor-heading-title.elementor-size-xxl{font-size:59px}<\/style><h1 class=\"elementor-heading-title elementor-size-default\">Transport<\/h1>\t\t<\/div>\n\t\t\t\t<\/div>\n\t\t\t\t\t<\/div>\n\t\t\t\t<\/div>\n\t\t<div class=\"elementor-element elementor-element-ec697d8 e-flex e-con-boxed e-con e-parent\" data-id=\"ec697d8\" data-element_type=\"container\" data-core-v316-plus=\"true\">\n\t\t\t\t\t<div class=\"e-con-inner\">\n\t\t<div class=\"elementor-element elementor-element-b0aa7a6 e-con-full e-flex e-con e-child\" data-id=\"b0aa7a6\" data-element_type=\"container\">\n\t\t\t\t<div class=\"elementor-element elementor-element-7d50667 elementor-widget elementor-widget-text-editor\" data-id=\"7d50667\" data-element_type=\"widget\" data-widget_type=\"text-editor.default\">\n\t\t\t\t<div class=\"elementor-widget-container\">\n\t\t\t<style>\/*! elementor - v3.20.0 - 26-03-2024 *\/\n.elementor-widget-text-editor.elementor-drop-cap-view-stacked .elementor-drop-cap{background-color:#69727d;color:#fff}.elementor-widget-text-editor.elementor-drop-cap-view-framed .elementor-drop-cap{color:#69727d;border:3px solid;background-color:transparent}.elementor-widget-text-editor:not(.elementor-drop-cap-view-default) .elementor-drop-cap{margin-top:8px}.elementor-widget-text-editor:not(.elementor-drop-cap-view-default) .elementor-drop-cap-letter{width:1em;height:1em}.elementor-widget-text-editor .elementor-drop-cap{float:left;text-align:center;line-height:1;font-size:50px}.elementor-widget-text-editor .elementor-drop-cap-letter{display:inline-block}<\/style>\t\t\t\t<p>Nasza flota pojazd\u00f3w obejmuje ponad 30 pojazd\u00f3w, w tym:<\/p>\n<p>naczepy, kt\u00f3re zapewniaj\u0105 elastyczno\u015b\u0107 i wydajno\u015b\u0107 w dostarczaniu \u0142adunk\u00f3w;<br>naczepy Eurotilt, idealne do transportu r\u00f3\u017cnych&nbsp;kubaturnyh \u0142adunk\u00f3w z dodatkow\u0105 ochron\u0105 przed warunkami atmosferycznymi.<\/p>\n<p>B\u0119d\u0105c odpowiedzialnym za wymogi i przepisy \u015brodowiskowe, zapewniamy, \u017ce ca\u0142a nasza flota spe\u0142nia nast\u0119puj\u0105ce normy \u015brodowiskowe:<\/p>\n<p>EURO 5 i EURO 6, co potwierdza nasze zaanga\u017cowanie w zmniejszanie \u015bladu \u015brodowiskowego i stosowanie technologii przyjaznych dla \u015brodowiska.<\/p>\n<p>Ponadto wdro\u017cyli\u015bmy nast\u0119puj\u0105ce technologie w celu zapewnienia wysokiej jako\u015bci us\u0142ug i terminowej informacji o \u0142adunkach:<\/p>\n<p>System \u015bledzenia GPS w ka\u017cdym poje\u017adzie, kt\u00f3ry pozwala nam monitorowa\u0107 ruch naszych pojazd\u00f3w w czasie rzeczywistym i zapewnia\u0107 naszym klientom aktualne informacje na temat lokalizacji i stanu ich \u0142adunku.<\/p>\n<p>\u015arodki te s\u0105 cz\u0119\u015bci\u0105 naszego zaanga\u017cowania w jako\u015b\u0107 us\u0142ug, bezpiecze\u0144stwo \u0142adunk\u00f3w i ochron\u0119 \u015brodowiska.<\/p>\t\t\t\t\t\t<\/div>\n\t\t\t\t<\/div>\n\t\t\t\t<\/div>\n\t\t<div class=\"elementor-element elementor-element-0f5140a e-con-full e-flex e-con e-child\" data-id=\"0f5140a\" data-element_type=\"container\">\n\t\t\t\t<div class=\"elementor-element elementor-element-3d9c9b2 elementor-widget elementor-widget-text-editor\" data-id=\"3d9c9b2\" data-element_type=\"widget\" data-widget_type=\"text-editor.default\">\n\t\t\t\t<div class=\"elementor-widget-container\">\n\t\t\t\t\t\t\t<p>Pojazdy wykorzystywane w transporcie mi\u0119dzynarodowym s\u0105 dok\u0142adnie sprawdzane pod k\u0105tem ich stanu technicznego, aby zapewni\u0107 niezawodno\u015b\u0107 i bezpiecze\u0144stwo na drodze. Ten mi\u0119dzynarodowy system kontroli gwarantuje, \u017ce pojazdy bior\u0105ce udzia\u0142 w transporcie spe\u0142niaj\u0105 wszystkie niezb\u0119dne wymagania i normy.<\/p><p>Aby wykonywa\u0107 mi\u0119dzynarodowy transport \u0142adunk\u00f3w, pojazdy otrzymuj\u0105 specjalne zezwolenie. Zezwolenie to umo\u017cliwia im prowadzenie transportu pod nadzorem organ\u00f3w celnych, co zapewnia zgodno\u015b\u0107 ze wszystkimi niezb\u0119dnymi procedurami i wymogami.<\/p><p>Ponadto kierowcy zaanga\u017cowani w transport mi\u0119dzynarodowy musz\u0105 posiada\u0107 obowi\u0105zkowe za\u015bwiadczenie o uprawnieniach do pracy z towarami niebezpiecznymi, znane jako ADR dla kierowc\u00f3w. Certyfikat ten potwierdza, \u017ce posiadaj\u0105 oni niezb\u0119dn\u0105 wiedz\u0119 i umiej\u0119tno\u015bci do bezpiecznego transportu takich towar\u00f3w.<\/p><p>Ponadto wszystkie pojazdy musz\u0105 by\u0107 wyposa\u017cone zgodnie z mi\u0119dzynarodowymi standardami i wymogami Umowy dotycz\u0105cej przewozu drogowego towar\u00f3w niebezpiecznych (ADR). Obejmuje to dost\u0119pno\u015b\u0107 sprz\u0119tu niezb\u0119dnego do zapewnienia bezpiecze\u0144stwa transportu.<\/p>\t\t\t\t\t\t<\/div>\n\t\t\t\t<\/div>\n\t\t\t\t<\/div>\n\t\t\t\t\t<\/div>\n\t\t\t\t<\/div>\n\t\t<div class=\"elementor-element elementor-element-ebe04a4 e-flex e-con-boxed e-con e-parent\" data-id=\"ebe04a4\" data-element_type=\"container\" data-core-v316-plus=\"true\">\n\t\t\t\t\t<div class=\"e-con-inner\">\n\t\t<div class=\"elementor-element elementor-element-c54864c e-con-full e-flex e-con e-child\" data-id=\"c54864c\" data-element_type=\"container\">\n\t\t\t\t<div class=\"elementor-element elementor-element-a819a58 elementor-widget__width-initial elementor-widget elementor-widget-text-editor\" data-id=\"a819a58\" data-element_type=\"widget\" data-widget_type=\"text-editor.default\">\n\t\t\t\t<div class=\"elementor-widget-container\">\n\t\t\t\t\t\t\t<p class=\"title-font\">Eurotent 120 m<sup>3<\/sup><\/p><table class=\"transport-table dark-gray-text\"><tbody><tr><td>D\u0142ugo\u015b\u0107:<\/td><td>15,4 \u043c<\/td><\/tr><tr><td>Szeroko\u015b\u0107:<\/td><td>2,45-2,5 \u043c<\/td><\/tr><tr><td>Wysoko\u015b\u0107:<\/td><td>3 \u043c<\/td><\/tr><tr><td>Obj\u0119to\u015b\u0107:<\/td><td>115 -120 m<sup>3<\/sup><\/td><\/tr><tr><td>Ud\u017awig:<\/td><td>21 \u0442on<\/td><\/tr><tr><td>Typ nadwozia:<\/td><td>markiza zamkni\u0119ta<\/td><\/tr><tr><td>Metoda \u0142adowania:<\/td><td>G\u00f3ra, ty\u0142, bok<\/td><\/tr><\/tbody><\/table>\t\t\t\t\t\t<\/div>\n\t\t\t\t<\/div>\n\t\t\t\t<\/div>\n\t\t<div class=\"elementor-element elementor-element-4ae2ca6 e-con-full e-flex e-con e-child\" data-id=\"4ae2ca6\" data-element_type=\"container\">\n\t\t\t\t<div class=\"elementor-element elementor-element-764e852 elementor-widget__width-initial elementor-widget elementor-widget-text-editor\" data-id=\"764e852\" data-element_type=\"widget\" data-widget_type=\"text-editor.default\">\n\t\t\t\t<div class=\"elementor-widget-container\">\n\t\t\t\t\t\t\t<p class=\"title-font\">Eurotent<\/p>\n\n<table class=\"transport-table dark-gray-text\">\n<tbody>\n<tr>\n<td>D\u0142ugo\u015b\u0107:<\/td>\n<td>13,6 \u043c<\/td>\n<\/tr>\n<tr>\n<td>Szeroko\u015b\u0107:<\/td>\n<td>2,45 \u043c<\/td>\n<\/tr>\n<tr>\n<td>Wysoko\u015b\u0107:<\/td>\n<td>3 \u043c<\/td>\n<\/tr>\n<tr>\n<td>Obj\u0119to\u015b\u0107:<\/td>\n<td>98 -105 m<sup>3<\/sup><\/td>\n<\/tr>\n<tr>\n<td>Ud\u017awig:<\/td>\n<td>21 \u0442on<\/td>\n<\/tr>\n<tr>\n<td>Typ nadwozia:<\/td>\n<td>markiza zamkni\u0119ta<\/td>\n<\/tr>\n<tr>\n<td>Metoda \u0142adowania:<\/td>\n<td>G\u00f3ra, ty\u0142, bok<\/td>\n<\/tr>\n<\/tbody>\n<\/table>\t\t\t\t\t\t<\/div>\n\t\t\t\t<\/div>\n\t\t\t\t<\/div>\n\t\t\t\t\t<\/div>\n\t\t\t\t<\/div>\n\t\t<div class=\"elementor-element elementor-element-5942b1c e-flex e-con-boxed e-con e-parent\" data-id=\"5942b1c\" data-element_type=\"container\" data-core-v316-plus=\"true\">\n\t\t\t\t\t<div class=\"e-con-inner\">\n\t\t<div class=\"elementor-element elementor-element-5f90a7f e-flex e-con-boxed e-con e-child\" data-id=\"5f90a7f\" data-element_type=\"container\">\n\t\t\t\t\t<div class=\"e-con-inner\">\n\t\t<div class=\"elementor-element elementor-element-293ad51 e-flex e-con-boxed e-con e-child\" data-id=\"293ad51\" data-element_type=\"container\">\n\t\t\t\t\t<div class=\"e-con-inner\">\n\t\t\t\t<div class=\"elementor-element elementor-element-c5ea1b6 elementor-widget elementor-widget-shortcode\" data-id=\"c5ea1b6\" data-element_type=\"widget\" data-widget_type=\"shortcode.default\">\n\t\t\t\t<div class=\"elementor-widget-container\">\n\t\t\t\t\t<div class=\"elementor-shortcode\"><div class=\"wpforms-container \" id=\"wpforms-1388\"><form id=\"wpforms-form-1388\" class=\"wpforms-validate wpforms-form wpforms-ajax-form\" data-formid=\"1388\" method=\"post\" enctype=\"multipart\/form-data\" action=\"\/index.php\/wp-json\/wp\/v2\/pages\/1419\" data-token=\"3e298891f71511ef4ad457b99c1a6ac7\"><noscript class=\"wpforms-error-noscript\">Please enable JavaScript in your browser to complete this form.<\/noscript><div class=\"wpforms-field-container\"><div id=\"wpforms-1388-field_0-container\" class=\"wpforms-field wpforms-field-name\" data-field-id=\"0\"><label class=\"wpforms-field-label\" for=\"wpforms-1388-field_0\">Nazwa <span class=\"wpforms-required-label\">*<\/span><\/label><input type=\"text\" id=\"wpforms-1388-field_0\" class=\"wpforms-field-medium wpforms-field-required\" name=\"wpforms[fields][0]\" required><\/div><div id=\"wpforms-1388-field_1-container\" class=\"wpforms-field wpforms-field-email\" data-field-id=\"1\"><label class=\"wpforms-field-label\" for=\"wpforms-1388-field_1\">Email <span class=\"wpforms-required-label\">*<\/span><\/label><input type=\"email\" id=\"wpforms-1388-field_1\" class=\"wpforms-field-medium wpforms-field-required\" name=\"wpforms[fields][1]\" spellcheck=\"false\" required><\/div><div id=\"wpforms-1388-field_2-container\" class=\"wpforms-field wpforms-field-textarea\" data-field-id=\"2\"><label class=\"wpforms-field-label\" for=\"wpforms-1388-field_2\">Twoja wiadomo\u015b\u0107<\/label><textarea id=\"wpforms-1388-field_2\" class=\"wpforms-field-medium\" name=\"wpforms[fields][2]\" ><\/textarea><\/div><\/div><!-- .wpforms-field-container --><div class=\"wpforms-submit-container\" ><input type=\"hidden\" name=\"wpforms[id]\" value=\"1388\"><input type=\"hidden\" name=\"wpforms[author]\" value=\"1\"><button type=\"submit\" name=\"wpforms[submit]\" id=\"wpforms-submit-1388\" class=\"wpforms-submit\" data-alt-text=\"Wysy\u0142anie...\" data-submit-text=\"Wy\u015blij\" aria-live=\"assertive\" value=\"wpforms-submit\">Wy\u015blij<\/button><img decoding=\"async\" src=\"https:\/\/eurotrans.in.ua\/wp-content\/plugins\/wpforms-lite\/assets\/images\/submit-spin.svg\" class=\"wpforms-submit-spinner\" style=\"display: none;\" width=\"26\" height=\"26\" alt=\"Loading\"><\/div><\/form><\/div>  <!-- .wpforms-container --> <\/div>\n\t\t\t\t<\/div>\n\t\t\t\t<\/div>\n\t\t\t\t\t<\/div>\n\t\t\t\t<\/div>\n\t\t\t\t\t<\/div>\n\t\t\t\t<\/div>\n\t\t\t\t\t<\/div>\n\t\t\t\t<\/div>\n\t\t\t\t<\/div>\n\t\t","protected":false},"excerpt":{"rendered":"<p>Transport Nasza flota pojazd\u00f3w obejmuje ponad 30 pojazd\u00f3w, w tym: naczepy, kt\u00f3re zapewniaj\u0105 elastyczno\u015b\u0107 i wydajno\u015b\u0107 w dostarczaniu \u0142adunk\u00f3w;naczepy Eurotilt, idealne do transportu r\u00f3\u017cnych&nbsp;kubaturnyh \u0142adunk\u00f3w z dodatkow\u0105 ochron\u0105 przed warunkami atmosferycznymi. B\u0119d\u0105c odpowiedzialnym za wymogi i przepisy \u015brodowiskowe, zapewniamy, \u017ce ca\u0142a nasza flota spe\u0142nia nast\u0119puj\u0105ce normy \u015brodowiskowe: EURO 5 i EURO 6, co potwierdza nasze &hellip;<\/p>\n<p class=\"read-more\"> <a class=\"\" href=\"https:\/\/eurotrans.in.ua\/index.php\/pl\/transport\/\"> <span class=\"screen-reader-text\">Transport_pl<\/span> \u0414\u043e\u043a\u043b\u0430\u0434\u043d\u0456\u0448\u0435 &raquo;<\/a><\/p>\n","protected":false},"author":1,"featured_media":0,"parent":0,"menu_order":0,"comment_status":"closed","ping_status":"closed","template":"","meta":{"site-sidebar-layout":"no-sidebar","site-content-layout":"page-builder","ast-global-header-display":"","ast-main-header-display":"","ast-hfb-above-header-display":"","ast-hfb-below-header-display":"","ast-hfb-mobile-header-display":"","site-post-title":"disabled","ast-breadcrumbs-content":"","ast-featured-img":"disabled","footer-sml-layout":"","theme-transparent-header-meta":"enabled","adv-header-id-meta":"","stick-header-meta":"","header-above-stick-meta":"","header-main-stick-meta":"","header-below-stick-meta":"","footnotes":""},"class_list":["post-1419","page","type-page","status-publish","hentry"],"lang":"pl","translations":{"pl":1419,"uk":9,"en":1356},"pll_sync_post":[],"_links":{"self":[{"href":"https:\/\/eurotrans.in.ua\/index.php\/wp-json\/wp\/v2\/pages\/1419","targetHints":{"allow":["GET"]}}],"collection":[{"href":"https:\/\/eurotrans.in.ua\/index.php\/wp-json\/wp\/v2\/pages"}],"about":[{"href":"https:\/\/eurotrans.in.ua\/index.php\/wp-json\/wp\/v2\/types\/page"}],"author":[{"embeddable":true,"href":"https:\/\/eurotrans.in.ua\/index.php\/wp-json\/wp\/v2\/users\/1"}],"replies":[{"embeddable":true,"href":"https:\/\/eurotrans.in.ua\/index.php\/wp-json\/wp\/v2\/comments?post=1419"}],"version-history":[{"count":29,"href":"https:\/\/eurotrans.in.ua\/index.php\/wp-json\/wp\/v2\/pages\/1419\/revisions"}],"predecessor-version":[{"id":1648,"href":"https:\/\/eurotrans.in.ua\/index.php\/wp-json\/wp\/v2\/pages\/1419\/revisions\/1648"}],"wp:attachment":[{"href":"https:\/\/eurotrans.in.ua\/index.php\/wp-json\/wp\/v2\/media?parent=1419"}],"curies":[{"name":"wp","href":"https:\/\/api.w.org\/{rel}","templated":true}]}}